{"id":952,"date":"2020-01-23T21:32:53","date_gmt":"2020-01-23T20:32:53","guid":{"rendered":"http:\/\/psychomotricienne77.com\/?page_id=952"},"modified":"2020-01-23T22:29:56","modified_gmt":"2020-01-23T21:29:56","slug":"bebe","status":"publish","type":"page","link":"https:\/\/psychomotricienne77.com\/?page_id=952","title":{"rendered":"B\u00e9b\u00e9"},"content":{"rendered":"<div class=\"fusion-fullwidth fullwidth-box fusion-builder-row-1 nonhundred-percent-fullwidth non-hundred-percent-height-scrolling\" style=\"background-color: rgba(255,255,255,0);background-position: left top;background-repeat: no-repeat;padding-top:60px;padding-right:0px;padding-bottom:100px;padding-left:0px;margin-bottom: 0px;margin-top: 0px;border-width: 0px 0px 0px 0px;border-color:#eae9e9;border-style:solid;\" ><div class=\"fusion-builder-row fusion-row\"><div class=\"fusion-layout-column fusion_builder_column fusion-builder-column-0 fusion_builder_column_1_1 1_1 fusion-one-full fusion-column-first fusion-column-last fusion-column-no-min-height\" style=\"margin-top:0px;margin-bottom:32px;\"><div class=\"fusion-column-wrapper fusion-flex-column-wrapper-legacy\" style=\"background-position:left top;background-repeat:no-repeat;-webkit-background-size:cover;-moz-background-size:cover;-o-background-size:cover;background-size:cover;background-color:#ffffff;border:1px solid #dddddd;padding: 40px 40px 0px 40px;\"><div class=\"fusion-text fusion-text-1\"><h2>R\u00e9\u00e9ducation<\/h2>\n<\/div><div class=\"fusion-text fusion-text-2\"><p>Sur prescription m\u00e9dicale, le bilan psychomoteur et les s\u00e9ances de r\u00e9\u00e9ducation s\u2019adressent \u00e0 des petits b\u00e9b\u00e9s qui rencontrent des difficult\u00e9s persistantes ou transitoires :<\/p>\n<\/div><ul class=\"fusion-checklist fusion-checklist-1\" style=\"font-size:17px;line-height:28.9px;\"><li style=\"background-color:rgba(255,255,255,0);\" class=\"fusion-li-item\"><span style=\"background-color:#e57190;font-size:14.96px;height:28.9px;width:28.9px;margin-right:11.9px;\" class=\"icon-wrapper circle-yes\"><i class=\"fusion-li-icon fa-angle-right fas\" style=\"color:#ffffff;\" aria-hidden=\"true\"><\/i><\/span><div class=\"fusion-li-item-content\" style=\"margin-left:40.8px;color:#7e8890;\">\n<p>Retard des acquisitions posturo-locomotrices<\/p>\n<\/div><\/li><li style=\"background-color:rgba(255,255,255,0);\" class=\"fusion-li-item\"><span style=\"background-color:#e57190;font-size:14.96px;height:28.9px;width:28.9px;margin-right:11.9px;\" class=\"icon-wrapper circle-yes\"><i class=\"fusion-li-icon fa-angle-right fas\" style=\"color:#ffffff;\" aria-hidden=\"true\"><\/i><\/span><div class=\"fusion-li-item-content\" style=\"margin-left:40.8px;color:#7e8890;\">\n<p>Troubles du tonus (hypertonie\/hypotonie)<\/p>\n<\/div><\/li><li style=\"background-color:rgba(255,255,255,0);\" class=\"fusion-li-item\"><span style=\"background-color:#e57190;font-size:14.96px;height:28.9px;width:28.9px;margin-right:11.9px;\" class=\"icon-wrapper circle-yes\"><i class=\"fusion-li-icon fa-angle-right fas\" style=\"color:#ffffff;\" aria-hidden=\"true\"><\/i><\/span><div class=\"fusion-li-item-content\" style=\"margin-left:40.8px;color:#7e8890;\">\n<p>Difficult\u00e9s de pr\u00e9hension (motricit\u00e9 fine)<\/p>\n<\/div><\/li><li style=\"background-color:rgba(255,255,255,0);\" class=\"fusion-li-item\"><span style=\"background-color:#e57190;font-size:14.96px;height:28.9px;width:28.9px;margin-right:11.9px;\" class=\"icon-wrapper circle-yes\"><i class=\"fusion-li-icon fa-angle-right fas\" style=\"color:#ffffff;\" aria-hidden=\"true\"><\/i><\/span><div class=\"fusion-li-item-content\" style=\"margin-left:40.8px;color:#7e8890;\">\n<p>Handicap moteur et\/ou sensoriel<\/p>\n<\/div><\/li><li style=\"background-color:rgba(255,255,255,0);\" class=\"fusion-li-item\"><span style=\"background-color:#e57190;font-size:14.96px;height:28.9px;width:28.9px;margin-right:11.9px;\" class=\"icon-wrapper circle-yes\"><i class=\"fusion-li-icon fa-angle-right fas\" style=\"color:#ffffff;\" aria-hidden=\"true\"><\/i><\/span><div class=\"fusion-li-item-content\" style=\"margin-left:40.8px;color:#7e8890;\">\n<p>Pr\u00e9maturit\u00e9<\/p>\n<\/div><\/li><\/ul><div class=\"fusion-sep-clear\"><\/div><div class=\"fusion-separator fusion-full-width-sep\" style=\"margin-left: auto;margin-right: auto;margin-top:30px;width:100%;\"><\/div><div class=\"fusion-sep-clear\"><\/div><div class=\"fusion-text fusion-text-3\"><p>Un travail en psychomotricit\u00e9 peut \u00e9galement \u00eatre propos\u00e9, en compl\u00e9mentarit\u00e9 d\u2019autres prises en charge, pour les b\u00e9b\u00e9s pr\u00e9sentant :<\/p>\n<\/div><ul class=\"fusion-checklist fusion-checklist-2\" style=\"font-size:17px;line-height:28.9px;\"><li style=\"background-color:rgba(255,255,255,0);\" class=\"fusion-li-item\"><span style=\"background-color:#e57190;font-size:14.96px;height:28.9px;width:28.9px;margin-right:11.9px;\" class=\"icon-wrapper circle-yes\"><i class=\"fusion-li-icon fa-angle-right fas\" style=\"color:#ffffff;\" aria-hidden=\"true\"><\/i><\/span><div class=\"fusion-li-item-content\" style=\"margin-left:40.8px;color:#7e8890;\">\n<p>Un torticolis<\/p>\n<\/div><\/li><li style=\"background-color:rgba(255,255,255,0);\" class=\"fusion-li-item\"><span style=\"background-color:#e57190;font-size:14.96px;height:28.9px;width:28.9px;margin-right:11.9px;\" class=\"icon-wrapper circle-yes\"><i class=\"fusion-li-icon fa-angle-right fas\" style=\"color:#ffffff;\" aria-hidden=\"true\"><\/i><\/span><div class=\"fusion-li-item-content\" style=\"margin-left:40.8px;color:#7e8890;\">\n<p>Une plagioc\u00e9phalie<\/p>\n<\/div><\/li><\/ul><div class=\"fusion-sep-clear\"><\/div><div class=\"fusion-separator fusion-full-width-sep\" style=\"margin-left: auto;margin-right: auto;margin-top:30px;width:100%;\"><\/div><div class=\"fusion-sep-clear\"><\/div><div class=\"fusion-text fusion-text-4\"><p>Les parents sont pr\u00e9sents au cours de ces s\u00e9ances. Il s\u2019agit d\u2019un v\u00e9ritable travail de partenariat professionnel-parents car le b\u00e9n\u00e9fice des s\u00e9ances sera d\u2019autant plus important que les petits exercices et situations corporelles peuvent \u00eatre repris \u00e0 la maison.<\/p>\n<\/div><div class=\"fusion-clearfix\"><\/div><\/div><\/div><div class=\"fusion-layout-column fusion_builder_column fusion-builder-column-1 fusion_builder_column_1_1 1_1 fusion-one-full fusion-column-first fusion-column-last\" style=\"margin-top:0px;margin-bottom:30px;\"><div class=\"fusion-column-wrapper fusion-flex-column-wrapper-legacy\" style=\"background-position:left top;background-repeat:no-repeat;-webkit-background-size:cover;-moz-background-size:cover;-o-background-size:cover;background-size:cover;background-color:#ffffff;border:1px solid #dddddd;padding: 40px 40px 40px 40px;\"><div class=\"fusion-text fusion-text-5\"><h2>Consultation-conseil \/ Atelier motricit\u00e9 libre<\/h2>\n<\/div><div class=\"fusion-text fusion-text-6\"><p>Sans prescription m\u00e9dicale, ces consultations s\u2019adressent aux parents qui souhaitent \u00eatre accompagn\u00e9s dans la compr\u00e9hension du d\u00e9veloppement psychomoteur de leur b\u00e9b\u00e9 et de ce qui favorise ses acquisitions. A partir de l\u2019observation de votre b\u00e9b\u00e9, nous pourrons \u00e9changer sur la motricit\u00e9 libre, les \u00e9tapes d\u2019acquisitions motrices et la fa\u00e7on dont vous pouvez l\u2019accompagner au quotidien : gestes de soin, jeux corporels, am\u00e9nagement de l\u2019environnement et choix des jouets.<\/p>\n<\/div><div class=\"fusion-clearfix\"><\/div><\/div><\/div><div class=\"fusion-layout-column fusion_builder_column fusion-builder-column-2 fusion_builder_column_1_1 1_1 fusion-one-full fusion-column-first fusion-column-last\" style=\"margin-top:0px;margin-bottom:30px;\"><div class=\"fusion-column-wrapper fusion-flex-column-wrapper-legacy\" style=\"background-position:left top;background-repeat:no-repeat;-webkit-background-size:cover;-moz-background-size:cover;-o-background-size:cover;background-size:cover;background-color:#ffffff;border:1px solid #dddddd;padding: 40px 40px 40px 40px;\"><div class=\"fusion-text fusion-text-7\"><h2>Atelier massage parent-b\u00e9b\u00e9<\/h2>\n<\/div><div class=\"fusion-text fusion-text-8\"><p>Le massage du b\u00e9b\u00e9 est un moment de plaisir et de douceur, partag\u00e9 avec ses parents. Gr\u00e2ce \u00e0 des man\u0153uvres adapt\u00e9es, vous pourrez d\u00e9couvrir un peu plus les moyens de communication de votre b\u00e9b\u00e9, renforcer votre lien avec lui et nourrir votre confiance de jeunes parents.<\/p>\n<\/div><div class=\"fusion-text fusion-text-9\"><p><b>D\u00e9roulement des ateliers :<\/b><\/p>\n<p>Afin d\u2019accompagner chaque famille au plus pr\u00e8s, je propose des ateliers individuels. <\/p>\n<p>Install\u00e9s confortablement, c\u2019est vous qui masserez votre b\u00e9b\u00e9. Je serai \u00e0 vos c\u00f4t\u00e9s en vous montrant les mouvements sur un poupon. Si toutefois votre b\u00e9b\u00e9 n\u2019\u00e9tait pas disponible sur ce moment-l\u00e0, vous pourrez vous entrainer avec un poupon afin de pouvoir reproduire les mouvements \u00e0 la maison.<\/p>\n<p>Toutes les parties du corps de votre b\u00e9b\u00e9 ne pourront peut-\u00eatre pas \u00eatre mass\u00e9es en une seule s\u00e9ance car le b\u00e9b\u00e9 a besoin de temps pour assimiler ces nouvelles sensations et il faut \u00eatre tr\u00e8s vigilent \u00e0 ne pas trop stimuler votre b\u00e9b\u00e9. Dans ce cas, vous pourrez vous exercer sur un poupon pour r\u00e9essayer \u00e0 la maison. Si besoin nous pourrons convenir d\u2019un autre rendez-vous pour reprendre les gestes de massage avec votre b\u00e9b\u00e9.<\/p>\n<\/div><div class=\"fusion-clearfix\"><\/div><\/div><\/div><div class=\"fusion-layout-column fusion_builder_column fusion-builder-column-3 fusion_builder_column_1_1 1_1 fusion-one-full fusion-column-first fusion-column-last\" style=\"margin-top:0px;margin-bottom:30px;\"><div class=\"fusion-column-wrapper fusion-flex-column-wrapper-legacy\" style=\"background-position:left top;background-repeat:no-repeat;-webkit-background-size:cover;-moz-background-size:cover;-o-background-size:cover;background-size:cover;background-color:#ffffff;border:1px solid #dddddd;padding: 40px 40px 40px 40px;\"><div class=\"fusion-text fusion-text-10\"><h2>Atelier de portage physiologique du b\u00e9b\u00e9<\/h2>\n<\/div><div class=\"fusion-text fusion-text-11\"><p>L\u2019\u00e9charpe de portage permet de proposer une transition en douceur au b\u00e9b\u00e9 entre la vie intra-ut\u00e9rine et apr\u00e8s la naissance. Bien install\u00e9 en position physiologique, le b\u00e9b\u00e9 retrouve toutes ces sensations v\u00e9cues tout au long de la grossesse, lui permettant de se sentir s\u00e9curis\u00e9 et apais\u00e9.<\/p>\n<\/div><div class=\"fusion-text fusion-text-12\"><p><b>D\u00e9roulement des ateliers :<\/b><\/p>\n<p>Animatrice de portage, je peux vous proposer un atelier vous permettant de d\u00e9couvrir et tester diff\u00e9rents types de modes de portage\u00a0qui respectent la physiologie de votre b\u00e9b\u00e9 : \u00e9charpe en jersey (extensible), \u00e9charpe tiss\u00e9e, porte-b\u00e9b\u00e9 asiatique et sling (portage asym\u00e9trique). J\u2019adapte mes propositions en fonction de vos besoins et de l\u2019\u00e2ge de votre b\u00e9b\u00e9.<\/p>\n<p>Si vous avez d\u00e9j\u00e0 achet\u00e9 un mode de portage, nous pourrons voir ensemble les diff\u00e9rentes fa\u00e7ons de l\u2019installer.<\/p>\n<p>A la fin de l\u2019atelier, un petit livret vous sera remis avec des documents reprenant ce que nous aurons \u00e9voqu\u00e9 en atelier ainsi que les nouages appris.<\/p>\n<p>Vous pourrez \u00e9galement avoir acc\u00e8s aux vid\u00e9os de nouage sur l\u2019application \u00ab\u00a0Graine de Massage\u00a0\u00bb<\/p>\n<p>Ces s\u00e9ances ne n\u00e9cessitent pas de prescription m\u00e9dicale.<\/p>\n<\/div><div class=\"fusion-clearfix\"><\/div><\/div><\/div><div class=\"fusion-layout-column fusion_builder_column fusion-builder-column-4 fusion_builder_column_1_1 1_1 fusion-one-full fusion-column-first fusion-column-last\" style=\"margin-top:0px;margin-bottom:30px;\"><div class=\"fusion-column-wrapper fusion-flex-column-wrapper-legacy\" style=\"background-position:left top;background-repeat:no-repeat;-webkit-background-size:cover;-moz-background-size:cover;-o-background-size:cover;background-size:cover;background-color:#ffffff;border:1px solid #dddddd;padding: 40px 40px 40px 40px;\"><div class=\"fusion-text fusion-text-13\"><h2>Atelier Brazelton<\/h2>\n<\/div><div class=\"fusion-text fusion-text-14\"><p>Elabor\u00e9e par le Professeur T.B Brazelton, cette m\u00e9thode d\u2019observation s\u2019adresse aux parents qui souhaitent \u00eatre accompagn\u00e9s dans la d\u00e9couverte de leur b\u00e9b\u00e9 de la naissance \u00e0 2 mois.<\/p>\n<p>Par une s\u00e9rie de stimulations indolores et d\u2019observations du comportement, elle permet de d\u00e9couvrir le corps, les \u00e9motions, les capacit\u00e9s de votre b\u00e9b\u00e9, de comprendre son langage, ses messages.<\/p>\n<p>Apr\u00e8s un premier temps d\u2019\u00e9changes, l\u2019examen se d\u00e9compose en 3 parties :<br \/>&#8211; L\u2019observation du sommeil<br \/>&#8211; Les r\u00e9flexes et les mouvements du b\u00e9b\u00e9<br \/>&#8211; Sa mani\u00e8re d\u2019entrer en relation<\/p>\n<p>L\u2019atelier se termine par un nouveau temps d\u2019\u00e9changes autour de la restitution des observations de votre b\u00e9b\u00e9.<\/p>\n<\/div><div class=\"fusion-clearfix\"><\/div><\/div><\/div><\/div><\/div>\n","protected":false},"excerpt":{"rendered":"","protected":false},"author":1,"featured_media":0,"parent":0,"menu_order":0,"comment_status":"closed","ping_status":"closed","template":"","meta":[],"_links":{"self":[{"href":"https:\/\/psychomotricienne77.com\/index.php?rest_route=\/wp\/v2\/pages\/952"}],"collection":[{"href":"https:\/\/psychomotricienne77.com\/index.php?rest_route=\/wp\/v2\/pages"}],"about":[{"href":"https:\/\/psychomotricienne77.com\/index.php?rest_route=\/wp\/v2\/types\/page"}],"author":[{"embeddable":true,"href":"https:\/\/psychomotricienne77.com\/index.php?rest_route=\/wp\/v2\/users\/1"}],"replies":[{"embeddable":true,"href":"https:\/\/psychomotricienne77.com\/index.php?rest_route=%2Fwp%2Fv2%2Fcomments&post=952"}],"version-history":[{"count":3,"href":"https:\/\/psychomotricienne77.com\/index.php?rest_route=\/wp\/v2\/pages\/952\/revisions"}],"predecessor-version":[{"id":959,"href":"https:\/\/psychomotricienne77.com\/index.php?rest_route=\/wp\/v2\/pages\/952\/revisions\/959"}],"wp:attachment":[{"href":"https:\/\/psychomotricienne77.com\/index.php?rest_route=%2Fwp%2Fv2%2Fmedia&parent=952"}],"curies":[{"name":"wp","href":"https:\/\/api.w.org\/{rel}","templated":true}]}}