{"id":960,"date":"2020-01-23T22:14:43","date_gmt":"2020-01-23T21:14:43","guid":{"rendered":"http:\/\/psychomotricienne77.com\/?page_id=960"},"modified":"2020-01-23T22:30:21","modified_gmt":"2020-01-23T21:30:21","slug":"enfant","status":"publish","type":"page","link":"https:\/\/psychomotricienne77.com\/?page_id=960","title":{"rendered":"Enfant"},"content":{"rendered":"<div class=\"fusion-fullwidth fullwidth-box fusion-builder-row-1 nonhundred-percent-fullwidth non-hundred-percent-height-scrolling\" style=\"background-color: rgba(255,255,255,0);background-position: left top;background-repeat: no-repeat;padding-top:60px;padding-right:0px;padding-bottom:100px;padding-left:0px;margin-bottom: 0px;margin-top: 0px;border-width: 0px 0px 0px 0px;border-color:#eae9e9;border-style:solid;\" ><div class=\"fusion-builder-row fusion-row\"><div class=\"fusion-layout-column fusion_builder_column fusion-builder-column-0 fusion_builder_column_1_1 1_1 fusion-one-full fusion-column-first fusion-column-last fusion-column-no-min-height\" style=\"margin-top:0px;margin-bottom:32px;\"><div class=\"fusion-column-wrapper fusion-flex-column-wrapper-legacy\" style=\"background-position:left top;background-repeat:no-repeat;-webkit-background-size:cover;-moz-background-size:cover;-o-background-size:cover;background-size:cover;background-color:#ffffff;border:1px solid #dddddd;padding: 40px 40px 0px 40px;\"><div class=\"fusion-text fusion-text-1\"><h2>R\u00e9\u00e9ducation et Therapie<\/h2>\n<\/div><div class=\"fusion-text fusion-text-2\"><p>Mes consultations s\u2019adressent plus particuli\u00e8rement aux enfants avant les 6 ans ou l\u2019entr\u00e9e en \u00e9cole primaire.<br \/>\nJe peux recevoir les enfants pr\u00e9sentant diff\u00e9rents types de difficult\u00e9s :<\/p>\n<\/div><ul class=\"fusion-checklist fusion-checklist-1\" style=\"font-size:17px;line-height:28.9px;\"><li style=\"background-color:rgba(255,255,255,0);\" class=\"fusion-li-item\"><span style=\"background-color:#e57190;font-size:14.96px;height:28.9px;width:28.9px;margin-right:11.9px;\" class=\"icon-wrapper circle-yes\"><i class=\"fusion-li-icon fa-angle-right fas\" style=\"color:#ffffff;\" aria-hidden=\"true\"><\/i><\/span><div class=\"fusion-li-item-content\" style=\"margin-left:40.8px;color:#7e8890;\">Le retard du d\u00e9veloppement psychomoteur (perturbation des acquisitions motrices)<\/div><\/li><li style=\"background-color:rgba(255,255,255,0);\" class=\"fusion-li-item\"><span style=\"background-color:#e57190;font-size:14.96px;height:28.9px;width:28.9px;margin-right:11.9px;\" class=\"icon-wrapper circle-yes\"><i class=\"fusion-li-icon fa-angle-right fas\" style=\"color:#ffffff;\" aria-hidden=\"true\"><\/i><\/span><div class=\"fusion-li-item-content\" style=\"margin-left:40.8px;color:#7e8890;\">\n<p>Les troubles la maturation et de la r\u00e9gulation tonique (tics, hypertonie, hypotonie)<\/p>\n<\/div><\/li><li style=\"background-color:rgba(255,255,255,0);\" class=\"fusion-li-item\"><span style=\"background-color:#e57190;font-size:14.96px;height:28.9px;width:28.9px;margin-right:11.9px;\" class=\"icon-wrapper circle-yes\"><i class=\"fusion-li-icon fa-angle-right fas\" style=\"color:#ffffff;\" aria-hidden=\"true\"><\/i><\/span><div class=\"fusion-li-item-content\" style=\"margin-left:40.8px;color:#7e8890;\">\n<p>Les troubles du sch\u00e9ma corporel et de l\u2019image du corps (manque de conscience du corps et\/ou d\u2019estime de soi)<\/p>\n<\/div><\/li><li style=\"background-color:rgba(255,255,255,0);\" class=\"fusion-li-item\"><span style=\"background-color:#e57190;font-size:14.96px;height:28.9px;width:28.9px;margin-right:11.9px;\" class=\"icon-wrapper circle-yes\"><i class=\"fusion-li-icon fa-angle-right fas\" style=\"color:#ffffff;\" aria-hidden=\"true\"><\/i><\/span><div class=\"fusion-li-item-content\" style=\"margin-left:40.8px;color:#7e8890;\">\n<p>Les troubles du graphisme<\/p>\n<\/div><\/li><li style=\"background-color:rgba(255,255,255,0);\" class=\"fusion-li-item\"><span style=\"background-color:#e57190;font-size:14.96px;height:28.9px;width:28.9px;margin-right:11.9px;\" class=\"icon-wrapper circle-yes\"><i class=\"fusion-li-icon fa-angle-right fas\" style=\"color:#ffffff;\" aria-hidden=\"true\"><\/i><\/span><div class=\"fusion-li-item-content\" style=\"margin-left:40.8px;color:#7e8890;\">Les troubles de l\u2019attention<\/div><\/li><li style=\"background-color:rgba(255,255,255,0);\" class=\"fusion-li-item\"><span style=\"background-color:#e57190;font-size:14.96px;height:28.9px;width:28.9px;margin-right:11.9px;\" class=\"icon-wrapper circle-yes\"><i class=\"fusion-li-icon fa-angle-right fas\" style=\"color:#ffffff;\" aria-hidden=\"true\"><\/i><\/span><div class=\"fusion-li-item-content\" style=\"margin-left:40.8px;color:#7e8890;\">Les troubles de l\u2019organisation spatio-temporelle<\/div><\/li><li style=\"background-color:rgba(255,255,255,0);\" class=\"fusion-li-item\"><span style=\"background-color:#e57190;font-size:14.96px;height:28.9px;width:28.9px;margin-right:11.9px;\" class=\"icon-wrapper circle-yes\"><i class=\"fusion-li-icon fa-angle-right fas\" style=\"color:#ffffff;\" aria-hidden=\"true\"><\/i><\/span><div class=\"fusion-li-item-content\" style=\"margin-left:40.8px;color:#7e8890;\">Les troubles comportementaux<\/div><\/li><li style=\"background-color:rgba(255,255,255,0);\" class=\"fusion-li-item\"><span style=\"background-color:#e57190;font-size:14.96px;height:28.9px;width:28.9px;margin-right:11.9px;\" class=\"icon-wrapper circle-yes\"><i class=\"fusion-li-icon fa-angle-right fas\" style=\"color:#ffffff;\" aria-hidden=\"true\"><\/i><\/span><div class=\"fusion-li-item-content\" style=\"margin-left:40.8px;color:#7e8890;\">les difficult\u00e9s relationnelles ou \u00e9motionnelles<\/div><\/li><\/ul><div class=\"fusion-sep-clear\"><\/div><div class=\"fusion-separator fusion-full-width-sep\" style=\"margin-left: auto;margin-right: auto;margin-top:30px;width:100%;\"><\/div><div class=\"fusion-sep-clear\"><\/div><div class=\"fusion-text fusion-text-3\"><p>Une fois le bilan r\u00e9alis\u00e9 ainsi que le projet th\u00e9rapeutique s\u2019il est n\u00e9cessaire, les s\u00e9ances peuvent se mettre en place. Elles sont le plus souvent hebdomadaires.<\/p>\n<p>De nombreux m\u00e9diateurs de r\u00e9\u00e9ducation et de th\u00e9rapie peuvent \u00eatre utilis\u00e9s pendant les s\u00e9ances. Ce sont par exemple : des parcours psychomoteurs, des jeux de construction, de m\u00e9moire, de rythmes, d\u2019expression corporelle, d\u2019explorations sensorielles, mais \u00e9galement des m\u00e9diateurs artistiques (dessin, peinture, p\u00e2te \u00e0 modeler, musique\u2026), la relaxation\u2026<br \/>\nLa pr\u00e9sence des parents pendant les s\u00e9ances d\u00e9pend de l\u2019\u00e2ge de l\u2019enfant et sera discut\u00e9e lors du bilan.<\/p>\n<p>Les s\u00e9ances peuvent \u00eatre individuelles ou en groupe.<\/p>\n<\/div><div class=\"fusion-clearfix\"><\/div><\/div><\/div><\/div><\/div>\n","protected":false},"excerpt":{"rendered":"","protected":false},"author":1,"featured_media":0,"parent":0,"menu_order":0,"comment_status":"closed","ping_status":"closed","template":"","meta":[],"_links":{"self":[{"href":"https:\/\/psychomotricienne77.com\/index.php?rest_route=\/wp\/v2\/pages\/960"}],"collection":[{"href":"https:\/\/psychomotricienne77.com\/index.php?rest_route=\/wp\/v2\/pages"}],"about":[{"href":"https:\/\/psychomotricienne77.com\/index.php?rest_route=\/wp\/v2\/types\/page"}],"author":[{"embeddable":true,"href":"https:\/\/psychomotricienne77.com\/index.php?rest_route=\/wp\/v2\/users\/1"}],"replies":[{"embeddable":true,"href":"https:\/\/psychomotricienne77.com\/index.php?rest_route=%2Fwp%2Fv2%2Fcomments&post=960"}],"version-history":[{"count":3,"href":"https:\/\/psychomotricienne77.com\/index.php?rest_route=\/wp\/v2\/pages\/960\/revisions"}],"predecessor-version":[{"id":963,"href":"https:\/\/psychomotricienne77.com\/index.php?rest_route=\/wp\/v2\/pages\/960\/revisions\/963"}],"wp:attachment":[{"href":"https:\/\/psychomotricienne77.com\/index.php?rest_route=%2Fwp%2Fv2%2Fmedia&parent=960"}],"curies":[{"name":"wp","href":"https:\/\/api.w.org\/{rel}","templated":true}]}}