{"id":968,"date":"2020-01-23T22:34:27","date_gmt":"2020-01-23T21:34:27","guid":{"rendered":"http:\/\/psychomotricienne77.com\/?page_id=968"},"modified":"2020-01-23T22:39:12","modified_gmt":"2020-01-23T21:39:12","slug":"femme-enceinte","status":"publish","type":"page","link":"https:\/\/psychomotricienne77.com\/?page_id=968","title":{"rendered":"Femme enceinte"},"content":{"rendered":"<div class=\"fusion-fullwidth fullwidth-box fusion-builder-row-1 nonhundred-percent-fullwidth non-hundred-percent-height-scrolling\" style=\"background-color: rgba(255,255,255,0);background-position: left top;background-repeat: no-repeat;padding-top:60px;padding-right:0px;padding-bottom:100px;padding-left:0px;margin-bottom: 0px;margin-top: 0px;border-width: 0px 0px 0px 0px;border-color:#eae9e9;border-style:solid;\" ><div class=\"fusion-builder-row fusion-row\"><div class=\"fusion-layout-column fusion_builder_column fusion-builder-column-0 fusion_builder_column_1_1 1_1 fusion-one-full fusion-column-first fusion-column-last fusion-column-no-min-height\" style=\"margin-top:0px;margin-bottom:32px;\"><div class=\"fusion-column-wrapper fusion-flex-column-wrapper-legacy\" style=\"background-position:left top;background-repeat:no-repeat;-webkit-background-size:cover;-moz-background-size:cover;-o-background-size:cover;background-size:cover;background-color:#ffffff;border:1px solid #dddddd;padding: 40px 40px 0px 40px;\"><div class=\"fusion-text fusion-text-1\"><h2>Relaxation<\/h2>\n<\/div><div class=\"fusion-text fusion-text-2\"><p>La grossesse est une p\u00e9riode tr\u00e8s particuli\u00e8re de la vie d\u2019une femme, une sorte de parenth\u00e8se. M\u00eame si elle est souvent source de grand bonheur, elle s\u2019accompagne de bouleversements corporels, \u00e9motionnels et psychologiques qui ne sont pas toujours faciles \u00e0 appr\u00e9hender.<\/p>\n<p>Sans prescription m\u00e9dicale, je vous propose un temps de pause, pendant lequel, par une posture confortable, des exercices de recentrage et de respiration, des mobilisations douces et des massages bien-\u00eatre, vous pourrez vivre un moment d\u2019\u00e9coute de votre corps, de d\u00e9tente et de partage avec votre b\u00e9b\u00e9, favorisant le tissage de votre lien maman-b\u00e9b\u00e9.<\/p>\n<\/div><div class=\"fusion-clearfix\"><\/div><\/div><\/div><\/div><\/div>\n","protected":false},"excerpt":{"rendered":"","protected":false},"author":1,"featured_media":0,"parent":0,"menu_order":0,"comment_status":"closed","ping_status":"closed","template":"","meta":[],"_links":{"self":[{"href":"https:\/\/psychomotricienne77.com\/index.php?rest_route=\/wp\/v2\/pages\/968"}],"collection":[{"href":"https:\/\/psychomotricienne77.com\/index.php?rest_route=\/wp\/v2\/pages"}],"about":[{"href":"https:\/\/psychomotricienne77.com\/index.php?rest_route=\/wp\/v2\/types\/page"}],"author":[{"embeddable":true,"href":"https:\/\/psychomotricienne77.com\/index.php?rest_route=\/wp\/v2\/users\/1"}],"replies":[{"embeddable":true,"href":"https:\/\/psychomotricienne77.com\/index.php?rest_route=%2Fwp%2Fv2%2Fcomments&post=968"}],"version-history":[{"count":3,"href":"https:\/\/psychomotricienne77.com\/index.php?rest_route=\/wp\/v2\/pages\/968\/revisions"}],"predecessor-version":[{"id":972,"href":"https:\/\/psychomotricienne77.com\/index.php?rest_route=\/wp\/v2\/pages\/968\/revisions\/972"}],"wp:attachment":[{"href":"https:\/\/psychomotricienne77.com\/index.php?rest_route=%2Fwp%2Fv2%2Fmedia&parent=968"}],"curies":[{"name":"wp","href":"https:\/\/api.w.org\/{rel}","templated":true}]}}