{"id":978,"date":"2020-01-23T22:48:59","date_gmt":"2020-01-23T21:48:59","guid":{"rendered":"http:\/\/psychomotricienne77.com\/?page_id=978"},"modified":"2022-09-29T22:19:22","modified_gmt":"2022-09-29T20:19:22","slug":"tarifs","status":"publish","type":"page","link":"https:\/\/psychomotricienne77.com\/?page_id=978","title":{"rendered":"Tarifs"},"content":{"rendered":"<p><div class=\"fusion-bg-parallax\" data-bg-align=\"center center\" data-direction=\"up\" data-mute=\"false\" data-opacity=\"100\" data-velocity=\"-0.4\" data-mobile-enabled=\"false\" data-break_parents=\"0\" data-bg-image=\"http:\/\/psychomotricienne77.com\/wp-content\/uploads\/2020\/01\/webpro_background5-800x533.png\" data-bg-repeat=\"false\" data-bg-color=\"rgba(0,0,0,0.2)\" ><\/div><div class=\"fusion-fullwidth fullwidth-box fusion-builder-row-1 fusion-parallax-up nonhundred-percent-fullwidth non-hundred-percent-height-scrolling\" style=\"background-color: rgba(0,0,0,0.2);background-image: url(&quot;http:\/\/psychomotricienne77.com\/wp-content\/uploads\/2020\/01\/webpro_background5-800x533.png&quot;);background-position: center center;background-repeat: no-repeat;padding-top:14%;padding-right:5%;padding-bottom:5%;padding-left:5%;margin-bottom: 0px;margin-top: 0px;border-width: 0px 0px 0px 0px;border-color:#eae9e9;border-style:solid;-webkit-background-size:cover;-moz-background-size:cover;-o-background-size:cover;background-size:cover;\" ><div class=\"fusion-builder-row fusion-row\"><div class=\"fusion-layout-column fusion_builder_column fusion-builder-column-0 fusion_builder_column_1_1 1_1 fusion-one-full fusion-column-first fusion-column-last\" style=\"margin-top:0px;margin-bottom:30px;\"><div class=\"fusion-column-wrapper fusion-column-has-shadow fusion-flex-column-wrapper-legacy\" style=\"background-position:left top;background-repeat:no-repeat;-webkit-background-size:cover;-moz-background-size:cover;-o-background-size:cover;background-size:cover;background-color:#ffffff;border-width: 1px 1px 1px 1px;border-color:#ffffff;border-style:solid;box-shadow:0px 0px ;;padding: 20px 20px 20px 20px;\"><div class=\"fusion-text fusion-text-1\"><h2 style=\"text-align: center;\">TARIFS<\/h2>\n<\/div><ul class=\"fusion-checklist fusion-checklist-1\" style=\"font-size:22px;line-height:37.4px;\"><li style=\"background-color:rgba(255,255,255,0);\" class=\"fusion-li-item\"><span style=\"background-color:#e57190;font-size:19.36px;height:37.4px;width:37.4px;margin-right:15.4px;\" class=\"icon-wrapper circle-yes\"><i class=\"fusion-li-icon fa-angle-right fas\" style=\"color:#ffffff;\" aria-hidden=\"true\"><\/i><\/span><div class=\"fusion-li-item-content\" style=\"margin-left:52.8px;color:#7e8890;\">Bilan psychomoteur enfants de 0 \u00e0 2 ans \u2013 3 s\u00e9ances de 45 minutes et r\u00e9daction du compte-rendu : 150 euros<\/div><\/li><li style=\"background-color:rgba(255,255,255,0);\" class=\"fusion-li-item\"><span style=\"background-color:#e57190;font-size:19.36px;height:37.4px;width:37.4px;margin-right:15.4px;\" class=\"icon-wrapper circle-yes\"><i class=\"fusion-li-icon fa-angle-right fas\" style=\"color:#ffffff;\" aria-hidden=\"true\"><\/i><\/span><div class=\"fusion-li-item-content\" style=\"margin-left:52.8px;color:#7e8890;\">\n<p>Bilan psychomoteur enfants de 2 \u00e0 6 ans \u2013 4 s\u00e9ances de 45 minutes et r\u00e9daction du compte-rendu : 200 euros<\/p>\n<\/div><\/li><li style=\"background-color:rgba(255,255,255,0);\" class=\"fusion-li-item\"><span style=\"background-color:#e57190;font-size:19.36px;height:37.4px;width:37.4px;margin-right:15.4px;\" class=\"icon-wrapper circle-yes\"><i class=\"fusion-li-icon fa-angle-right fas\" style=\"color:#ffffff;\" aria-hidden=\"true\"><\/i><\/span><div class=\"fusion-li-item-content\" style=\"margin-left:52.8px;color:#7e8890;\">\n<p>S\u00e9ance de 45 minutes : 47 euros<\/p>\n<\/div><\/li><li style=\"background-color:rgba(255,255,255,0);\" class=\"fusion-li-item\"><span style=\"background-color:#e57190;font-size:19.36px;height:37.4px;width:37.4px;margin-right:15.4px;\" class=\"icon-wrapper circle-yes\"><i class=\"fusion-li-icon fa-angle-right fas\" style=\"color:#ffffff;\" aria-hidden=\"true\"><\/i><\/span><div class=\"fusion-li-item-content\" style=\"margin-left:52.8px;color:#7e8890;\">S\u00e9ance de 30 minutes\u00a0: 35 euros<br \/><\/div><\/li><li style=\"background-color:rgba(255,255,255,0);\" class=\"fusion-li-item\"><span style=\"background-color:#e57190;font-size:19.36px;height:37.4px;width:37.4px;margin-right:15.4px;\" class=\"icon-wrapper circle-yes\"><i class=\"fusion-li-icon fa-angle-right fas\" style=\"color:#ffffff;\" aria-hidden=\"true\"><\/i><\/span><div class=\"fusion-li-item-content\" style=\"margin-left:52.8px;color:#7e8890;\">S\u00e9ance de Relaxation Femme Enceinte\u00a0\u2013 1 heure\u00a0: 60 euros<br \/><\/div><\/li><li style=\"background-color:rgba(255,255,255,0);\" class=\"fusion-li-item\"><span style=\"background-color:#e57190;font-size:19.36px;height:37.4px;width:37.4px;margin-right:15.4px;\" class=\"icon-wrapper circle-yes\"><i class=\"fusion-li-icon fa-angle-right fas\" style=\"color:#ffffff;\" aria-hidden=\"true\"><\/i><\/span><div class=\"fusion-li-item-content\" style=\"margin-left:52.8px;color:#7e8890;\">\n<p>S\u00e9ance conseil (Atelier motricit\u00e9 libre parents-b\u00e9b\u00e9) \u2013 45 minutes : 47 euros<\/p>\n<\/div><\/li><li style=\"background-color:rgba(255,255,255,0);\" class=\"fusion-li-item\"><span style=\"background-color:#e57190;font-size:19.36px;height:37.4px;width:37.4px;margin-right:15.4px;\" class=\"icon-wrapper circle-yes\"><i class=\"fusion-li-icon fa-angle-right fas\" style=\"color:#ffffff;\" aria-hidden=\"true\"><\/i><\/span><div class=\"fusion-li-item-content\" style=\"margin-left:52.8px;color:#7e8890;\">Atelier parents-b\u00e9b\u00e9 Brazelton \u2013 2 s\u00e9ances de 45 minutes avec r\u00e9daction du compte-rendu : 90 euros<\/div><\/li><li style=\"background-color:rgba(255,255,255,0);\" class=\"fusion-li-item\"><span style=\"background-color:#e57190;font-size:19.36px;height:37.4px;width:37.4px;margin-right:15.4px;\" class=\"icon-wrapper circle-yes\"><i class=\"fusion-li-icon fa-angle-right fas\" style=\"color:#ffffff;\" aria-hidden=\"true\"><\/i><\/span><div class=\"fusion-li-item-content\" style=\"margin-left:52.8px;color:#7e8890;\">\n<p>Atelier Portage physiologique du b\u00e9b\u00e9 \u2013 1 heure : 60 euros<\/p>\n<\/div><\/li><li style=\"background-color:rgba(255,255,255,0);\" class=\"fusion-li-item\"><span style=\"background-color:#e57190;font-size:19.36px;height:37.4px;width:37.4px;margin-right:15.4px;\" class=\"icon-wrapper circle-yes\"><i class=\"fusion-li-icon fa-angle-right fas\" style=\"color:#ffffff;\" aria-hidden=\"true\"><\/i><\/span><div class=\"fusion-li-item-content\" style=\"margin-left:52.8px;color:#7e8890;\">\n<p>Atelier Massage b\u00e9b\u00e9 \u2013 1 heure : 60 euros<\/p>\n<\/div><\/li><\/ul><div class=\"fusion-clearfix\"><\/div><\/div><\/div><div class=\"fusion-layout-column fusion_builder_column fusion-builder-column-1 fusion_builder_column_1_1 1_1 fusion-one-full fusion-column-first fusion-column-last\" style=\"margin-top:0px;margin-bottom:30px;\"><div class=\"fusion-column-wrapper fusion-flex-column-wrapper-legacy\" style=\"background-position:left top;background-repeat:no-repeat;-webkit-background-size:cover;-moz-background-size:cover;-o-background-size:cover;background-size:cover;padding: 0px 0px 0px 0px;\"><div class=\"imageframe-align-center\"><span class=\" fusion-imageframe imageframe-none imageframe-1 hover-type-zoomin\"><a class=\"fusion-no-lightbox\" href=\"http:\/\/psychomotricienne77.com\/#psychomotricite\" target=\"_self\" aria-label=\"scroll_down_blanc\"><img width=\"200\" height=\"162\" src=\"http:\/\/psychomotricienne77.com\/wp-content\/uploads\/2020\/01\/scroll_down_blanc-1-200x162.png\" alt class=\"img-responsive wp-image-903\" srcset=\"https:\/\/psychomotricienne77.com\/wp-content\/uploads\/2020\/01\/scroll_down_blanc-1-200x162.png 200w, https:\/\/psychomotricienne77.com\/wp-content\/uploads\/2020\/01\/scroll_down_blanc-1-400x324.png 400w, https:\/\/psychomotricienne77.com\/wp-content\/uploads\/2020\/01\/scroll_down_blanc-1-600x485.png 600w, https:\/\/psychomotricienne77.com\/wp-content\/uploads\/2020\/01\/scroll_down_blanc-1-800x647.png 800w, https:\/\/psychomotricienne77.com\/wp-content\/uploads\/2020\/01\/scroll_down_blanc-1-1200x971.png 1200w, https:\/\/psychomotricienne77.com\/wp-content\/uploads\/2020\/01\/scroll_down_blanc-1.png 4166w\" sizes=\"(max-width: 800px) 100vw, 1200px\" \/><\/a><\/span><\/div><div class=\"fusion-clearfix\"><\/div><\/div><\/div><\/div><\/div><div class=\"fusion-bg-parallax\" data-bg-align=\"center center\" data-direction=\"left\" data-mute=\"false\" data-opacity=\"100\" data-velocity=\"-0.5\" data-mobile-enabled=\"false\" data-break_parents=\"0\" data-bg-image=\"http:\/\/psychomotricienne77.com\/wp-content\/uploads\/2022\/09\/IMG_9375-scaled.jpg\" data-bg-repeat=\"false\" ><\/div><div class=\"fusion-fullwidth fullwidth-box fusion-builder-row-2 fusion-parallax-left nonhundred-percent-fullwidth non-hundred-percent-height-scrolling\" style=\"background-color: rgba(255,255,255,0);background-image: url(&quot;http:\/\/psychomotricienne77.com\/wp-content\/uploads\/2022\/09\/IMG_9375-scaled.jpg&quot;);background-position: center center;background-repeat: no-repeat;padding-top:50px;padding-right:0px;padding-bottom:0px;padding-left:0px;margin-bottom: 0px;margin-top: 0px;border-width: 0px 0px 0px 0px;border-color:#eae9e9;border-style:solid;-webkit-background-size:cover;-moz-background-size:cover;-o-background-size:cover;background-size:cover;\" ><div class=\"fusion-builder-row fusion-row\"><div class=\"fusion-layout-column fusion_builder_column fusion-builder-column-2 fusion_builder_column_1_6 1_6 fusion-one-sixth fusion-column-first\" style=\"margin-top:0px;margin-bottom:0px;\"><div class=\"fusion-column-wrapper fusion-flex-column-wrapper-legacy\" style=\"background-position:center center;background-repeat:no-repeat;-webkit-background-size:cover;-moz-background-size:cover;-o-background-size:cover;background-size:cover;padding: 8% 6% 10% 6%;\"><div class=\"fusion-column-content-centered\"><div class=\"fusion-column-content\"><\/div><\/div><div class=\"fusion-clearfix\"><\/div><\/div><\/div><div class=\"fusion-layout-column fusion_builder_column fusion-builder-column-3 fusion_builder_column_2_3 2_3 fusion-two-third\" style=\"width:65.3333%; margin-right: 4%;margin-top:0px;margin-bottom:30px;\"><div class=\"fusion-column-wrapper fusion-flex-column-wrapper-legacy\" style=\"background-position:left top;background-repeat:no-repeat;-webkit-background-size:cover;-moz-background-size:cover;-o-background-size:cover;background-size:cover;padding: 0px 0px 0px 0px;\"><div class=\"fusion-text fusion-text-2\"><h2 style=\"color: #fcfcfc; text-align: center;\">Le Cabinet<\/h2>\n<\/div><div class=\"fusion-sep-clear\"><\/div><div class=\"fusion-separator\" style=\"margin-left: auto;margin-right: auto;margin-top:0px;margin-bottom:30px;width:100%;max-width:280px;\"><div class=\"fusion-separator-border sep-single sep-solid\" style=\"border-color:#d1d1d1;border-top-width:2px;\"><\/div><\/div><div class=\"fusion-sep-clear\"><\/div><div class=\"fusion-text fusion-text-3\"><h3 style=\"color: #fcfcfc; text-align: left;\">Le cabinet de psychomotricit\u00e9 est situ\u00e9 au :<\/h3>\n<h3 style=\"color: #fcfcfc; text-align: center;\">21 hameau de Mocque-souris<br \/>\n77220 TOURNAN-EN-BRIE<\/h3>\n<h3 style=\"color: #fcfcfc; text-align: left;\">Le cabinet est desservi par plusieurs lignes de bus :<br \/>\n209 et 309 (arr\u00eat Hameau de Vill\u00e9)<\/h3>\n<\/div><div class=\"fusion-clearfix\"><\/div><\/div><\/div><div class=\"fusion-layout-column fusion_builder_column fusion-builder-column-4 fusion_builder_column_1_6 1_6 fusion-one-sixth fusion-column-last\" style=\"margin-top:0px;margin-bottom:0px;\"><div class=\"fusion-column-wrapper fusion-flex-column-wrapper-legacy\" style=\"background-position:center center;background-repeat:no-repeat;-webkit-background-size:cover;-moz-background-size:cover;-o-background-size:cover;background-size:cover;padding: 8% 6% 10% 6%;\"><div class=\"fusion-column-content-centered\"><div class=\"fusion-column-content\"><\/div><\/div><div class=\"fusion-clearfix\"><\/div><\/div><\/div><\/div><\/div><div class=\"fusion-fullwidth fullwidth-box fusion-builder-row-3 hundred-percent-fullwidth non-hundred-percent-height-scrolling fusion-equal-height-columns\" style=\"background-color: rgba(255,255,255,0);background-position: left top;background-repeat: no-repeat;padding-top:0px;padding-right:0px;padding-bottom:0px;padding-left:0px;margin-bottom: 0px;margin-top: 0px;border-width: 0px 0px 0px 0px;border-color:#eae9e9;border-style:solid;\" ><div class=\"fusion-builder-row fusion-row\"><div class=\"fusion-layout-column fusion_builder_column fusion-builder-column-5 fusion_builder_column_1_6 1_6 fusion-one-sixth fusion-column-first\" style=\"margin-top:0px;margin-bottom:0px;\"><div class=\"fusion-column-wrapper fusion-flex-column-wrapper-legacy\" style=\"background-position:center center;background-repeat:no-repeat;-webkit-background-size:cover;-moz-background-size:cover;-o-background-size:cover;background-size:cover;padding: 8% 6% 10% 6%;\"><div class=\"fusion-column-content-centered\"><div class=\"fusion-column-content\"><\/div><\/div><div class=\"fusion-clearfix\"><\/div><\/div><\/div><div class=\"fusion-layout-column fusion_builder_column fusion-builder-column-6 fusion_builder_column_2_3 2_3 fusion-two-third fusion-column-inner-bg-wrapper\" style=\"margin-top:0px;margin-bottom:0px;\"><div class=\"fusion-column-wrapper fusion-column-has-shadow fusion-flex-column-wrapper-legacy\" style=\"box-shadow:0px 0px ;;padding: 4% 2% 2% 2%;\"><div class=\"fusion-column-content-centered\"><div class=\"fusion-column-content\"><a class=\"fusion-modal-text-link\" data-toggle=\"modal\" data-target=\".fusion-modal.Google Maps\" href=\"#\">\n<div style=\"text-align: center;\">\n<p><iframe src=\"https:\/\/www.google.com\/maps\/embed?pb=!1m18!1m12!1m3!1d10524.331101795244!2d2.772499073808607!3d48.74211555586306!2m3!1f0!2f0!3f0!3m2!1i1024!2i768!4f13.1!3m3!1m2!1s0x47e601c239f56b4f%3A0xdf2a749c6bab1a27!2s21%20Ham.%20de%20Mocquesouris%2C%2077220%20Tournan-en-Brie!5e0!3m2!1sfr!2sfr!4v1664481714855!5m2!1sfr!2sfr\" width=\"1000\" height=\"450\" style=\"border:0;\" allowfullscreen=\"\" loading=\"lazy\" referrerpolicy=\"no-referrer-when-downgrade\"><\/iframe><\/p>\n<\/div>\n<\/a><\/div><\/div><div class=\"fusion-clearfix\"><\/div><\/div><span class=\"fusion-column-inner-bg hover-type-zoomin\"><span class=\"fusion-column-anchor\"><span class=\"fusion-column-inner-bg-image\" style=\"background-image: linear-gradient(180deg, rgba(255,255,255,0) 0%,rgba(0,0,0,0.2) 100%);background-position:center center;background-repeat:no-repeat;-webkit-background-size:cover;-moz-background-size:cover;-o-background-size:cover;background-size:cover;\"><\/span><\/span><\/span><\/div><div class=\"fusion-layout-column fusion_builder_column fusion-builder-column-7 fusion_builder_column_1_6 1_6 fusion-one-sixth fusion-column-last\" style=\"margin-top:0px;margin-bottom:0px;\"><div class=\"fusion-column-wrapper fusion-flex-column-wrapper-legacy\" style=\"background-position:center center;background-repeat:no-repeat;-webkit-background-size:cover;-moz-background-size:cover;-o-background-size:cover;background-size:cover;padding: 8% 6% 10% 6%;\"><div class=\"fusion-column-content-centered\"><div class=\"fusion-column-content\"><\/div><\/div><div class=\"fusion-clearfix\"><\/div><\/div><\/div><\/div><\/div><div class=\"fusion-bg-parallax\" data-bg-align=\"center center\" data-direction=\"right\" data-mute=\"false\" data-opacity=\"100\" data-velocity=\"-0.5\" data-mobile-enabled=\"false\" data-break_parents=\"0\" data-bg-image=\"http:\/\/psychomotricienne77.com\/wp-content\/uploads\/2015\/12\/make-an-appointment.jpg\" data-bg-repeat=\"false\" ><\/div><div class=\"fusion-fullwidth fullwidth-box fusion-builder-row-4 fusion-parallax-right nonhundred-percent-fullwidth non-hundred-percent-height-scrolling\" style=\"background-color: rgba(255,255,255,0);background-image: url(&quot;http:\/\/psychomotricienne77.com\/wp-content\/uploads\/2015\/12\/make-an-appointment.jpg&quot;);background-position: center center;background-repeat: no-repeat;padding-top:150px;padding-right:0px;padding-bottom:150px;padding-left:0px;margin-bottom: 0px;margin-top: 0px;border-width: 0px 0px 0px 0px;border-color:#eae9e9;border-style:solid;-webkit-background-size:cover;-moz-background-size:cover;-o-background-size:cover;background-size:cover;\" ><div class=\"fusion-builder-row fusion-row\"><div class=\"fusion-layout-column fusion_builder_column fusion-builder-column-8 fusion_builder_column_1_6 1_6 fusion-one-sixth fusion-column-first fusion-no-small-visibility\" style=\"width:13.3333%; margin-right: 4%;margin-top:0px;margin-bottom:30px;\"><div class=\"fusion-column-wrapper fusion-flex-column-wrapper-legacy\" style=\"background-position:left top;background-repeat:no-repeat;-webkit-background-size:cover;-moz-background-size:cover;-o-background-size:cover;background-size:cover;padding: 0px 0px 0px 0px;\"><div class=\"fusion-clearfix\"><\/div><\/div><\/div><div class=\"fusion-layout-column fusion_builder_column fusion-builder-column-9 fusion_builder_column_2_3 2_3 fusion-two-third\" style=\"width:65.3333%; margin-right: 4%;margin-top:0px;margin-bottom:30px;\"><div class=\"fusion-column-wrapper fusion-flex-column-wrapper-legacy\" style=\"background-position:left top;background-repeat:no-repeat;-webkit-background-size:cover;-moz-background-size:cover;-o-background-size:cover;background-size:cover;padding: 0px 0px 0px 0px;\"><div class=\"fusion-text fusion-text-4\"><h2 style=\"text-align: center; color: #fff;\">Pour prendre un rendez-vous<\/h2>\n<\/div><div class=\"fusion-sep-clear\"><\/div><div class=\"fusion-separator\" style=\"margin-left: auto;margin-right: auto;margin-top:0px;margin-bottom:30px;width:100%;max-width:280px;\"><div class=\"fusion-separator-border sep-single sep-solid\" style=\"border-color:#d1d1d1;border-top-width:2px;\"><\/div><\/div><div class=\"fusion-sep-clear\"><\/div><div class=\"fusion-text fusion-text-5\"><h3 style=\"text-align: center; color: #fcfcfc;\">Vous pouvez me contacter par t\u00e9l\u00e9phone au 07 56 92 35 77 ou par mail justine.boursier@psychomotricienne77.com<\/h3>\n<\/div><div class=\"fusion-sep-clear\"><\/div><div class=\"fusion-separator fusion-full-width-sep\" style=\"margin-left: auto;margin-right: auto;margin-top:40px;width:100%;\"><\/div><div class=\"fusion-sep-clear\"><\/div><div class=\"fusion-clearfix\"><\/div><\/div><\/div><div class=\"fusion-layout-column fusion_builder_column fusion-builder-column-10 fusion_builder_column_1_6 1_6 fusion-one-sixth fusion-column-last fusion-no-small-visibility\" style=\"width:13.3333%;margin-top:0px;margin-bottom:30px;\"><div class=\"fusion-column-wrapper fusion-flex-column-wrapper-legacy\" style=\"background-position:left top;background-repeat:no-repeat;-webkit-background-size:cover;-moz-background-size:cover;-o-background-size:cover;background-size:cover;padding: 0px 0px 0px 0px;\"><div class=\"fusion-clearfix\"><\/div><\/div><\/div><\/div><\/div><\/p>\n","protected":false},"excerpt":{"rendered":"","protected":false},"author":1,"featured_media":0,"parent":0,"menu_order":0,"comment_status":"closed","ping_status":"closed","template":"100-width.php","meta":[],"_links":{"self":[{"href":"https:\/\/psychomotricienne77.com\/index.php?rest_route=\/wp\/v2\/pages\/978"}],"collection":[{"href":"https:\/\/psychomotricienne77.com\/index.php?rest_route=\/wp\/v2\/pages"}],"about":[{"href":"https:\/\/psychomotricienne77.com\/index.php?rest_route=\/wp\/v2\/types\/page"}],"author":[{"embeddable":true,"href":"https:\/\/psychomotricienne77.com\/index.php?rest_route=\/wp\/v2\/users\/1"}],"replies":[{"embeddable":true,"href":"https:\/\/psychomotricienne77.com\/index.php?rest_route=%2Fwp%2Fv2%2Fcomments&post=978"}],"version-history":[{"count":8,"href":"https:\/\/psychomotricienne77.com\/index.php?rest_route=\/wp\/v2\/pages\/978\/revisions"}],"predecessor-version":[{"id":995,"href":"https:\/\/psychomotricienne77.com\/index.php?rest_route=\/wp\/v2\/pages\/978\/revisions\/995"}],"wp:attachment":[{"href":"https:\/\/psychomotricienne77.com\/index.php?rest_route=%2Fwp%2Fv2%2Fmedia&parent=978"}],"curies":[{"name":"wp","href":"https:\/\/api.w.org\/{rel}","templated":true}]}}